{"id":31,"date":"2025-07-02T14:36:14","date_gmt":"2025-07-02T14:36:14","guid":{"rendered":"https:\/\/connexionestravels.com\/about\/"},"modified":"2025-10-20T18:17:20","modified_gmt":"2025-10-20T18:17:20","slug":"about","status":"publish","type":"page","link":"https:\/\/connexionestravels.com\/es\/about\/","title":{"rendered":"Acerca de"},"content":{"rendered":"<div class=\"wp-block-uagb-container uagb-block-65e8ecdc alignfull uagb-is-root-container\"><div class=\"uagb-container-inner-blocks-wrap\">\n<div class=\"wp-block-uagb-info-box uagb-block-cd53bdb9 uagb-infobox__content-wrap  uagb-infobox-icon-above-title uagb-infobox-image-valign-top\"><div class=\"uagb-ifb-content\"><div class=\"uagb-ifb-title-wrap\"><p class=\"uagb-ifb-title-prefix\">Conozca m\u00e1s sobre<\/p><h1 class=\"uagb-ifb-title\">connexionestravels<\/h1><\/div><\/div><\/div>\n\n\n\n<div style=\"height:100px\" aria-hidden=\"true\" class=\"wp-block-spacer\"><\/div>\n<\/div><\/div>\n\n\n\n<div class=\"wp-block-uagb-container uagb-block-698e16c6 alignfull uagb-is-root-container\"><div class=\"uagb-container-inner-blocks-wrap\">\n<div class=\"wp-block-uagb-info-box uagb-block-e0ba5483 uagb-infobox__content-wrap  uagb-infobox-icon-above-title uagb-infobox-image-valign-top\"><div class=\"uagb-ifb-content\"><div class=\"uagb-ifb-title-wrap\"><p class=\"uagb-ifb-title-prefix\">Connexionestravels, Marruecos<\/p><h2 class=\"uagb-ifb-title\">Su socio de viajes de confianza<\/h2><\/div><\/div><\/div>\n\n\n\n<div class=\"wp-block-uagb-container uagb-block-36f8542b\">\n<div class=\"wp-block-uagb-container uagb-block-4a9e6f68\">\n<div class=\"wp-block-uagb-image alignleft uagb-block-6890a6c9 wp-block-uagb-image--layout-default wp-block-uagb-image--effect-static wp-block-uagb-image--align-left\"><figure class=\"wp-block-uagb-image__figure\"><img decoding=\"async\" srcset=\"https:\/\/connexionestravels.com\/wp-content\/uploads\/2025\/07\/desert-4943467_1280-1024x631.jpg ,https:\/\/connexionestravels.com\/wp-content\/uploads\/2025\/07\/desert-4943467_1280.jpg 780w, https:\/\/connexionestravels.com\/wp-content\/uploads\/2025\/07\/desert-4943467_1280.jpg 360w\" sizes=\"auto, (max-width: 480px) 150px\" src=\"https:\/\/connexionestravels.com\/wp-content\/uploads\/2025\/07\/desert-4943467_1280-1024x631.jpg\" alt=\"\" class=\"uag-image-1172\" width=\"325\" height=\"350\" title=\"desert-4943467_1280\" loading=\"lazy\" role=\"img\"\/><\/figure><\/div>\n\n\n\n<div class=\"wp-block-uagb-image alignleft uagb-block-55dbcfbc wp-block-uagb-image--layout-default wp-block-uagb-image--effect-static wp-block-uagb-image--align-left uag-hide-mob\"><figure class=\"wp-block-uagb-image__figure\"><img decoding=\"async\" srcset=\"https:\/\/connexionestravels.com\/wp-content\/uploads\/2025\/07\/steelwool-458842_1280-1024x682.jpg ,https:\/\/connexionestravels.com\/wp-content\/uploads\/2025\/07\/steelwool-458842_1280.jpg 780w, https:\/\/connexionestravels.com\/wp-content\/uploads\/2025\/07\/steelwool-458842_1280.jpg 360w\" sizes=\"auto, (max-width: 480px) 150px\" src=\"https:\/\/connexionestravels.com\/wp-content\/uploads\/2025\/07\/steelwool-458842_1280-1024x682.jpg\" alt=\"\" class=\"uag-image-1198\" width=\"325\" height=\"410\" title=\"steelwool-458842_1280\" loading=\"lazy\" role=\"img\"\/><\/figure><\/div>\n<\/div>\n\n\n\n<div class=\"wp-block-uagb-container uagb-block-cf677736\">\n<div class=\"wp-block-uagb-info-box uagb-block-694fe3d9 uagb-infobox__content-wrap  uagb-infobox-icon-above-title uagb-infobox-image-valign-top\"><div class=\"uagb-ifb-content\"><div class=\"uagb-ifb-title-wrap\"><p class=\"uagb-ifb-title\"><mark style=\"background-color:rgba(0, 0, 0, 0)\" class=\"has-inline-color has-ast-global-color-0-color\">Connexionestravels<\/mark> Somos una agencia de viajes apasionada con sede en el coraz\u00f3n de Marruecos, comprometida con la creaci\u00f3n de viajes a medida que revelan la verdadera esencia de esta tierra cautivadora. Desde las dunas doradas del Sahara hasta los vibrantes zocos de Marrakech, ofrecemos experiencias inmersivas que combinan cultura, aventura y autenticidad. <\/p><\/div><p class=\"uagb-ifb-desc\">Gracias a nuestro conocimiento local y nuestra pasi\u00f3n por los viajes, dise\u00f1amos tours inolvidables que se adaptan a los intereses y deseos \u00fanicos de cada viajero que explora Marruecos.<\/p><\/div><\/div>\n<\/div>\n<\/div>\n<\/div><\/div>\n\n\n\n<div class=\"wp-block-uagb-container uagb-block-198ec460 alignfull uagb-is-root-container\"><div class=\"uagb-container-inner-blocks-wrap\">\n<div class=\"wp-block-uagb-container uagb-block-596e8019\">\n<div class=\"wp-block-uagb-container uagb-block-2e506f4e\">\n<div class=\"wp-block-uagb-info-box uagb-block-42eea379 uagb-infobox__content-wrap  uagb-infobox-icon-above-title uagb-infobox-image-valign-top\"><div class=\"uagb-ifb-content\"><div class=\"uagb-ifb-title-wrap\"><p class=\"uagb-ifb-title-prefix\">Nuestro viaje comienza<\/p><h2 class=\"uagb-ifb-title\">La historia de connexionestravels<\/h2><\/div><\/div><\/div>\n\n\n\n<div class=\"wp-block-uagb-info-box uagb-block-aadeee1c uagb-infobox__content-wrap  uagb-infobox-icon-above-title uagb-infobox-image-valign-top\"><div class=\"uagb-ifb-content\"><div class=\"uagb-ifb-title-wrap\"><p class=\"uagb-ifb-title\"><mark style=\"background-color:rgba(0, 0, 0, 0)\" class=\"has-inline-color has-ast-global-color-0-color\">Connexionestravels<\/mark> Naci\u00f3 con la visi\u00f3n de mostrar la impresionante belleza y la rica cultura de Marruecos, fundada por apasionados entusiastas de los viajes deseosos de compartir su amor por este extraordinario pa\u00eds.<\/p><\/div><p class=\"uagb-ifb-desc\">Desde nuestros inicios, nos hemos convertido en una agencia de confianza, ofreciendo tours aut\u00e9nticos a la vez que fomentamos relaciones duraderas con los visitantes y promovemos la cultura y el patrimonio local.<\/p><\/div><\/div>\n<\/div>\n\n\n\n<div class=\"wp-block-uagb-image alignleft uagb-block-d115db0e wp-block-uagb-image--layout-default wp-block-uagb-image--effect-static wp-block-uagb-image--align-left\"><figure class=\"wp-block-uagb-image__figure\"><img decoding=\"async\" srcset=\"https:\/\/connexionestravels.com\/wp-content\/uploads\/2025\/07\/man-8019801_1280-682x1024.jpg ,https:\/\/connexionestravels.com\/wp-content\/uploads\/2025\/07\/man-8019801_1280.jpg 780w, https:\/\/connexionestravels.com\/wp-content\/uploads\/2025\/07\/man-8019801_1280.jpg 360w\" sizes=\"auto, (max-width: 480px) 150px\" src=\"https:\/\/connexionestravels.com\/wp-content\/uploads\/2025\/07\/man-8019801_1280-682x1024.jpg\" alt=\"\" class=\"uag-image-1224\" width=\"560\" height=\"445\" title=\"man-8019801_1280\" loading=\"lazy\" role=\"img\"\/><\/figure><\/div>\n<\/div>\n\n\n\n<div class=\"wp-block-uagb-container uagb-block-c38df70e\">\n<div class=\"wp-block-uagb-counter uagb-block-46a05162 wp-block-uagb-counter--number\"><div class=\"wp-block-uagb-counter__number\"><span class=\"uagb-counter-block-number\" data-duration=\"1.5\" data-to-value=\"80\" data-from-value=\"0\" data-delimiter=\",\"><\/span><span class=\"uagb-counter-block-suffix\">+<\/span><\/div><div class=\"wp-block-uagb-counter__title\">Tipos de caf\u00e9<\/div><\/div>\n\n\n\n<div class=\"wp-block-uagb-counter uagb-block-874b77cb wp-block-uagb-counter--number\"><div class=\"wp-block-uagb-counter__number\"><span class=\"uagb-counter-block-number\" data-duration=\"1.5\" data-to-value=\"1400\" data-from-value=\"0\" data-delimiter=\",\"><\/span><span class=\"uagb-counter-block-suffix\">+<\/span><\/div><div class=\"wp-block-uagb-counter__title\">Clientes felices<\/div><\/div>\n\n\n\n<div class=\"wp-block-uagb-counter uagb-block-75b73eb3 wp-block-uagb-counter--number\"><div class=\"wp-block-uagb-counter__number\"><span class=\"uagb-counter-block-number\" data-duration=\"1.5\" data-to-value=\"20\" data-from-value=\"0\" data-delimiter=\",\"><\/span><span class=\"uagb-counter-block-suffix\">+<\/span><\/div><div class=\"wp-block-uagb-counter__title\">Miembro del equipo<\/div><\/div>\n<\/div>\n<\/div><\/div>\n\n\n\n<div class=\"wp-block-uagb-container uagb-block-2926c5f0 alignfull uagb-is-root-container\"><div class=\"uagb-container-inner-blocks-wrap\">\n<div class=\"wp-block-uagb-advanced-heading uagb-block-9c23880b\"><h2 class=\"uagb-heading-text\">Planifiquemos su aventura<\/h2><p class=\"uagb-desc-text\">P\u00f3ngase en contacto con nosotros hoy mismo para iniciar su viaje a Marruecos.<\/p><\/div>\n\n\n\n<div class=\"wp-block-uagb-buttons uagb-buttons__outer-wrap uagb-btn__default-btn uagb-btn-tablet__default-btn uagb-btn-mobile__default-btn uagb-block-49f9cbfd\"><div class=\"uagb-buttons__wrap uagb-buttons-layout-wrap\">\n<div class=\"wp-block-uagb-buttons-child uagb-buttons__outer-wrap uagb-block-fcff0d9a wp-block-button\"><div class=\"uagb-button__wrapper\"><a class=\"uagb-buttons-repeater wp-block-button__link\" aria-label=\"\" href=\"\/es\/contact\/\" rel=\"follow noopener\" target=\"_self\" role=\"button\"><div class=\"uagb-button__link\">Reserva tu aventura<\/div><\/a><\/div><\/div>\n\n\n\n<div class=\"wp-block-uagb-buttons-child uagb-buttons__outer-wrap uagb-block-63e6dab0 wp-block-button\"><div class=\"uagb-button__wrapper\"><a class=\"uagb-buttons-repeater wp-block-button__link\" aria-label=\"\" href=\"https:\/\/connexionestravels.com\/es\/#viewmenu\" rel=\"follow noopener\" target=\"_self\" role=\"button\"><div class=\"uagb-button__link\">Ver visitas<\/div><\/a><\/div><\/div>\n<\/div><\/div>\n<\/div><\/div>\n\n\n\n<p><\/p>","protected":false},"excerpt":{"rendered":"<p>Let&#8217;s Plan Your Adventure! Get in touch with us today to start your Moroccan journey.<\/p>","protected":false},"author":1,"featured_media":0,"parent":0,"menu_order":0,"comment_status":"closed","ping_status":"closed","template":"","meta":{"_uag_custom_page_level_css":"","site-sidebar-layout":"no-sidebar","site-content-layout":"","ast-site-content-layout":"normal-width-container","site-content-style":"default","site-sidebar-style":"default","ast-global-header-display":"","ast-banner-title-visibility":"","ast-main-header-display":"","ast-hfb-above-header-display":"","ast-hfb-below-header-display":"","ast-hfb-mobile-header-display":"","site-post-title":"disabled","ast-breadcrumbs-content":"","ast-featured-img":"","footer-sml-layout":"","ast-disable-related-posts":"","theme-transparent-header-meta":"enabled","adv-header-id-meta":"","stick-header-meta":"","header-above-stick-meta":"","header-main-stick-meta":"","header-below-stick-meta":"","astra-migrate-meta-layouts":"default","ast-page-background-enabled":"default","ast-page-background-meta":{"desktop":{"background-color":"var(--ast-global-color-4)","background-image":"","background-repeat":"repeat","background-position":"center center","background-size":"auto","background-attachment":"scroll","background-type":"","background-media":"","overlay-type":"","overlay-color":"","overlay-opacity":"","overlay-gradient":""},"tablet":{"background-color":"","background-image":"","background-repeat":"repeat","background-position":"center center","background-size":"auto","background-attachment":"scroll","background-type":"","background-media":"","overlay-type":"","overlay-color":"","overlay-opacity":"","overlay-gradient":""},"mobile":{"background-color":"","background-image":"","background-repeat":"repeat","background-position":"center center","background-size":"auto","background-attachment":"scroll","background-type":"","background-media":"","overlay-type":"","overlay-color":"","overlay-opacity":"","overlay-gradient":""}},"ast-content-background-meta":{"desktop":{"background-color":"var(--ast-global-color-5)","background-image":"","background-repeat":"repeat","background-position":"center center","background-size":"auto","background-attachment":"scroll","background-type":"","background-media":"","overlay-type":"","overlay-color":"","overlay-opacity":"","overlay-gradient":""},"tablet":{"background-color":"var(--ast-global-color-5)","background-image":"","background-repeat":"repeat","background-position":"center center","background-size":"auto","background-attachment":"scroll","background-type":"","background-media":"","overlay-type":"","overlay-color":"","overlay-opacity":"","overlay-gradient":""},"mobile":{"background-color":"var(--ast-global-color-5)","background-image":"","background-repeat":"repeat","background-position":"center center","background-size":"auto","background-attachment":"scroll","background-type":"","background-media":"","overlay-type":"","overlay-color":"","overlay-opacity":"","overlay-gradient":""}},"footnotes":""},"class_list":["post-31","page","type-page","status-publish","hentry"],"uagb_featured_image_src":{"full":false,"thumbnail":false,"medium":false,"medium_large":false,"large":false,"1536x1536":false,"2048x2048":false,"trp-custom-language-flag":false},"uagb_author_info":{"display_name":"creaproject","author_link":"https:\/\/connexionestravels.com\/es\/author\/creaproject\/"},"uagb_comment_info":0,"uagb_excerpt":"Let&#8217;s Plan Your Adventure! Get in touch with us today to start your Moroccan journey.","_links":{"self":[{"href":"https:\/\/connexionestravels.com\/es\/wp-json\/wp\/v2\/pages\/31","targetHints":{"allow":["GET"]}}],"collection":[{"href":"https:\/\/connexionestravels.com\/es\/wp-json\/wp\/v2\/pages"}],"about":[{"href":"https:\/\/connexionestravels.com\/es\/wp-json\/wp\/v2\/types\/page"}],"author":[{"embeddable":true,"href":"https:\/\/connexionestravels.com\/es\/wp-json\/wp\/v2\/users\/1"}],"replies":[{"embeddable":true,"href":"https:\/\/connexionestravels.com\/es\/wp-json\/wp\/v2\/comments?post=31"}],"version-history":[{"count":0,"href":"https:\/\/connexionestravels.com\/es\/wp-json\/wp\/v2\/pages\/31\/revisions"}],"wp:attachment":[{"href":"https:\/\/connexionestravels.com\/es\/wp-json\/wp\/v2\/media?parent=31"}],"curies":[{"name":"wp","href":"https:\/\/api.w.org\/{rel}","templated":true}]}}